{"id":1738,"date":"2013-02-14T10:21:24","date_gmt":"2013-02-14T10:21:24","guid":{"rendered":"http:\/\/localhost\/wordpress\/medicenter\/?page_id=6"},"modified":"2013-02-14T10:21:24","modified_gmt":"2013-02-14T10:21:24","slug":"blog","status":"publish","type":"page","link":"http:\/\/santeenentreprise.com\/en\/blog\/","title":{"rendered":"Blog with sidebar"},"content":{"rendered":"<div class=\"vc_row wpb_row vc_row-fluid\"><div class=\"wpb_column vc_column_container vc_col-sm-8\"><div class=\"wpb_wrapper\"><ul class=\"blog clearfix page-margin-top\"><li class=\" post post-4577 type-post status-publish format-standard has-post-thumbnail hentry category-news\"><ul class=\"comment-box clearfix\"><li class=\"date clearfix animated-element animation-slideRight\">\n\t\t\t\t\t\t\t\t<div class=\"value\">JULY 18, 2023<\/div>\n\t\t\t\t\t\t\t\t<div class=\"arrow-date\"><\/div>\n\t\t\t\t\t\t\t<\/li><li class=\"comments-number animated-element animation-slideUp duration-300 delay-500\">\t\t\t<a href=\"http:\/\/santeenentreprise.com\/en\/rapport-dactivite-du-1er-semestre-2023\/#comments\" title=\"266 COMMENTS\">266 COMMENTS<\/a>\n\t\t\t\t\t\t\t<\/li><\/ul><div class=\"post-content\"><a class=\"post-image\" href=\"http:\/\/santeenentreprise.com\/en\/rapport-dactivite-du-1er-semestre-2023\/\" title=\"RAPPORT D&rsquo;ACTIVITES 2023\"><span class=\"mc-preloader\"><\/span><img fetchpriority=\"high\" decoding=\"async\" width=\"670\" height=\"446\" src=\"https:\/\/i0.wp.com\/santeenentreprise.com\/wp-content\/uploads\/2023\/07\/Rapport-dactivites-SEE-2023.jpg?resize=670%2C446&amp;ssl=1\" class=\"attachment-blog-post-thumb size-blog-post-thumb wp-post-image\" alt=\"RAPPORT D&rsquo;ACTIVITES 2023\" title=\"\" srcset=\"https:\/\/i0.wp.com\/santeenentreprise.com\/wp-content\/uploads\/2023\/07\/Rapport-dactivites-SEE-2023.jpg?resize=670%2C446&amp;ssl=1 670w, https:\/\/i0.wp.com\/santeenentreprise.com\/wp-content\/uploads\/2023\/07\/Rapport-dactivites-SEE-2023.jpg?resize=600%2C400&amp;ssl=1 600w, https:\/\/i0.wp.com\/santeenentreprise.com\/wp-content\/uploads\/2023\/07\/Rapport-dactivites-SEE-2023.jpg?resize=480%2C320&amp;ssl=1 480w, https:\/\/i0.wp.com\/santeenentreprise.com\/wp-content\/uploads\/2023\/07\/Rapport-dactivites-SEE-2023.jpg?resize=390%2C260&amp;ssl=1 390w, https:\/\/i0.wp.com\/santeenentreprise.com\/wp-content\/uploads\/2023\/07\/Rapport-dactivites-SEE-2023.jpg?resize=285%2C190&amp;ssl=1 285w, https:\/\/i0.wp.com\/santeenentreprise.com\/wp-content\/uploads\/2023\/07\/Rapport-dactivites-SEE-2023.jpg?zoom=2&amp;resize=670%2C446&amp;ssl=1 1340w\" sizes=\"(max-width: 670px) 100vw, 670px\" \/><\/a><h2 class=\"post-title\"><a href=\"http:\/\/santeenentreprise.com\/en\/rapport-dactivite-du-1er-semestre-2023\/\" title=\"RAPPORT D&rsquo;ACTIVITES 2023\">RAPPORT D&rsquo;ACTIVITES 2023<\/a><\/h2><p>Cliquez sur le lien ci-dessous pour t\u00e9l\u00e9charger notre rapport d&rsquo;activit\u00e9\u00a0 de l&rsquo;ann\u00e9e 2023 : Rapport d&rsquo;activit\u00e9s SEE 2023<\/p>\n<a title=\"Read more\" href=\"http:\/\/santeenentreprise.com\/en\/rapport-dactivite-du-1er-semestre-2023\/\" class=\"more template-arrow-horizontal-1-after\">Read more<\/a>\t\t<div class=\"post-footer clearfix\">\n\t\t\t\t\t\t\t\t<ul class=\"post-footer-details\"><li class=\"post-footer-author\">\n\t\t\t\t\t\t\t\t\t\t<a class=\"author\" href=\"https:\/\/santeenentreprise.com\" title=\"asytraore\">asytraore<\/a>\n\t\t\t\t\t\t\t\t\t<\/li><li class=\"post-footer-category\">\n\t\t\t\t\t\t\t\t\t\t\t<a href=\"http:\/\/santeenentreprise.com\/en\/category\/news\/\" title=\"View all posts filed under News\">News<\/a>\n\t\t\t\t\t\t\t\t\t\t<\/li><\/ul><\/div><\/div><\/li><\/ul><\/div><\/div><div class=\"wpb_column vc_column_container vc_col-sm-4\"><div class=\"wpb_wrapper\">\n\t<div class=\"wpb_widgetised_column wpb_content_element clearfix page-margin-top\">\n\t\t<div class=\"wpb_wrapper\">\n\t\t\t\n\t\t\t\n\t\t<\/div>\n\t<\/div>\n<h3 class=\"box-header animation-slide page-margin-top\">Photostream<\/h3><ul class=\"photostream clearfix default\"><li class=\"gallery-box hover-icons-off\"><img decoding=\"async\" width=\"100\" height=\"100\" src=\"https:\/\/i0.wp.com\/santeenentreprise.com\/wp-content\/uploads\/2017\/01\/image_08.jpg?resize=100%2C100&amp;ssl=1\" class=\"attachment-medicenter-small-thumb size-medicenter-small-thumb\" alt=\"\" srcset=\"https:\/\/i0.wp.com\/santeenentreprise.com\/wp-content\/uploads\/2017\/01\/image_08.jpg?resize=150%2C150&amp;ssl=1 150w, https:\/\/i0.wp.com\/santeenentreprise.com\/wp-content\/uploads\/2017\/01\/image_08.jpg?resize=100%2C100&amp;ssl=1 100w, https:\/\/i0.wp.com\/santeenentreprise.com\/wp-content\/uploads\/2017\/01\/image_08.jpg?zoom=2&amp;resize=100%2C100&amp;ssl=1 200w, https:\/\/i0.wp.com\/santeenentreprise.com\/wp-content\/uploads\/2017\/01\/image_08.jpg?zoom=3&amp;resize=100%2C100&amp;ssl=1 300w\" sizes=\"(max-width: 100px) 100vw, 100px\" \/><ul class=\"controls\">\n\t\t\t\t\t<li>\n\t\t\t\t\t\t<a href=\"https:\/\/santeenentreprise.com\/wp-content\/uploads\/2017\/01\/image_08.jpg\" rel=photostream[photostream]\" class=\"fancybox open-lightbox template-plus-2\"><\/a>\n\t\t\t\t\t<\/li>\n\t\t\t\t<\/ul>\n\t\t\t<\/li><li class=\"gallery-box hover-icons-off\"><img decoding=\"async\" width=\"100\" height=\"100\" src=\"https:\/\/i0.wp.com\/santeenentreprise.com\/wp-content\/uploads\/2017\/01\/image_02.jpg?resize=100%2C100&amp;ssl=1\" class=\"attachment-medicenter-small-thumb size-medicenter-small-thumb\" alt=\"\" srcset=\"https:\/\/i0.wp.com\/santeenentreprise.com\/wp-content\/uploads\/2017\/01\/image_02.jpg?resize=150%2C150&amp;ssl=1 150w, https:\/\/i0.wp.com\/santeenentreprise.com\/wp-content\/uploads\/2017\/01\/image_02.jpg?resize=100%2C100&amp;ssl=1 100w, https:\/\/i0.wp.com\/santeenentreprise.com\/wp-content\/uploads\/2017\/01\/image_02.jpg?zoom=2&amp;resize=100%2C100&amp;ssl=1 200w, https:\/\/i0.wp.com\/santeenentreprise.com\/wp-content\/uploads\/2017\/01\/image_02.jpg?zoom=3&amp;resize=100%2C100&amp;ssl=1 300w\" sizes=\"(max-width: 100px) 100vw, 100px\" \/><ul class=\"controls\">\n\t\t\t\t\t<li>\n\t\t\t\t\t\t<a href=\"https:\/\/santeenentreprise.com\/wp-content\/uploads\/2017\/01\/image_02.jpg\" rel=photostream[photostream]\" class=\"fancybox open-lightbox template-plus-2\"><\/a>\n\t\t\t\t\t<\/li>\n\t\t\t\t<\/ul>\n\t\t\t<\/li><li class=\"gallery-box hover-icons-off\"><img loading=\"lazy\" decoding=\"async\" width=\"100\" height=\"100\" src=\"https:\/\/i0.wp.com\/santeenentreprise.com\/wp-content\/uploads\/2017\/01\/image_03.jpg?resize=100%2C100&amp;ssl=1\" class=\"attachment-medicenter-small-thumb size-medicenter-small-thumb\" alt=\"\" srcset=\"https:\/\/i0.wp.com\/santeenentreprise.com\/wp-content\/uploads\/2017\/01\/image_03.jpg?resize=150%2C150&amp;ssl=1 150w, https:\/\/i0.wp.com\/santeenentreprise.com\/wp-content\/uploads\/2017\/01\/image_03.jpg?resize=100%2C100&amp;ssl=1 100w, https:\/\/i0.wp.com\/santeenentreprise.com\/wp-content\/uploads\/2017\/01\/image_03.jpg?zoom=2&amp;resize=100%2C100&amp;ssl=1 200w, https:\/\/i0.wp.com\/santeenentreprise.com\/wp-content\/uploads\/2017\/01\/image_03.jpg?zoom=3&amp;resize=100%2C100&amp;ssl=1 300w\" sizes=\"(max-width: 100px) 100vw, 100px\" \/><ul class=\"controls\">\n\t\t\t\t\t<li>\n\t\t\t\t\t\t<a href=\"https:\/\/santeenentreprise.com\/wp-content\/uploads\/2017\/01\/image_03.jpg\" rel=photostream[photostream]\" class=\"fancybox open-lightbox template-plus-2\"><\/a>\n\t\t\t\t\t<\/li>\n\t\t\t\t<\/ul>\n\t\t\t<\/li><li class=\"gallery-box hover-icons-off\"><img loading=\"lazy\" decoding=\"async\" width=\"100\" height=\"100\" src=\"https:\/\/i0.wp.com\/santeenentreprise.com\/wp-content\/uploads\/2017\/01\/image_04.jpg?resize=100%2C100&amp;ssl=1\" class=\"attachment-medicenter-small-thumb size-medicenter-small-thumb\" alt=\"\" srcset=\"https:\/\/i0.wp.com\/santeenentreprise.com\/wp-content\/uploads\/2017\/01\/image_04.jpg?resize=150%2C150&amp;ssl=1 150w, https:\/\/i0.wp.com\/santeenentreprise.com\/wp-content\/uploads\/2017\/01\/image_04.jpg?resize=100%2C100&amp;ssl=1 100w, https:\/\/i0.wp.com\/santeenentreprise.com\/wp-content\/uploads\/2017\/01\/image_04.jpg?zoom=2&amp;resize=100%2C100&amp;ssl=1 200w, https:\/\/i0.wp.com\/santeenentreprise.com\/wp-content\/uploads\/2017\/01\/image_04.jpg?zoom=3&amp;resize=100%2C100&amp;ssl=1 300w\" sizes=\"(max-width: 100px) 100vw, 100px\" \/><ul class=\"controls\">\n\t\t\t\t\t<li>\n\t\t\t\t\t\t<a href=\"https:\/\/santeenentreprise.com\/wp-content\/uploads\/2017\/01\/image_04.jpg\" rel=photostream[photostream]\" class=\"fancybox open-lightbox template-plus-2\"><\/a>\n\t\t\t\t\t<\/li>\n\t\t\t\t<\/ul>\n\t\t\t<\/li><li class=\"gallery-box hover-icons-off\"><img loading=\"lazy\" decoding=\"async\" width=\"100\" height=\"100\" src=\"https:\/\/i0.wp.com\/santeenentreprise.com\/wp-content\/uploads\/2017\/01\/image_05.jpg?resize=100%2C100&amp;ssl=1\" class=\"attachment-medicenter-small-thumb size-medicenter-small-thumb\" alt=\"\" srcset=\"https:\/\/i0.wp.com\/santeenentreprise.com\/wp-content\/uploads\/2017\/01\/image_05.jpg?resize=150%2C150&amp;ssl=1 150w, https:\/\/i0.wp.com\/santeenentreprise.com\/wp-content\/uploads\/2017\/01\/image_05.jpg?resize=100%2C100&amp;ssl=1 100w, https:\/\/i0.wp.com\/santeenentreprise.com\/wp-content\/uploads\/2017\/01\/image_05.jpg?zoom=2&amp;resize=100%2C100&amp;ssl=1 200w, https:\/\/i0.wp.com\/santeenentreprise.com\/wp-content\/uploads\/2017\/01\/image_05.jpg?zoom=3&amp;resize=100%2C100&amp;ssl=1 300w\" sizes=\"(max-width: 100px) 100vw, 100px\" \/><ul class=\"controls\">\n\t\t\t\t\t<li>\n\t\t\t\t\t\t<a href=\"https:\/\/santeenentreprise.com\/wp-content\/uploads\/2017\/01\/image_05.jpg\" rel=photostream[photostream]\" class=\"fancybox open-lightbox template-plus-2\"><\/a>\n\t\t\t\t\t<\/li>\n\t\t\t\t<\/ul>\n\t\t\t<\/li><li class=\"gallery-box hover-icons-off\"><img loading=\"lazy\" decoding=\"async\" width=\"100\" height=\"100\" src=\"https:\/\/i0.wp.com\/santeenentreprise.com\/wp-content\/uploads\/2017\/01\/image_06.jpg?resize=100%2C100&amp;ssl=1\" class=\"attachment-medicenter-small-thumb size-medicenter-small-thumb\" alt=\"\" srcset=\"https:\/\/i0.wp.com\/santeenentreprise.com\/wp-content\/uploads\/2017\/01\/image_06.jpg?resize=150%2C150&amp;ssl=1 150w, https:\/\/i0.wp.com\/santeenentreprise.com\/wp-content\/uploads\/2017\/01\/image_06.jpg?resize=100%2C100&amp;ssl=1 100w, https:\/\/i0.wp.com\/santeenentreprise.com\/wp-content\/uploads\/2017\/01\/image_06.jpg?zoom=2&amp;resize=100%2C100&amp;ssl=1 200w, https:\/\/i0.wp.com\/santeenentreprise.com\/wp-content\/uploads\/2017\/01\/image_06.jpg?zoom=3&amp;resize=100%2C100&amp;ssl=1 300w\" sizes=\"(max-width: 100px) 100vw, 100px\" \/><ul class=\"controls\">\n\t\t\t\t\t<li>\n\t\t\t\t\t\t<a href=\"https:\/\/santeenentreprise.com\/wp-content\/uploads\/2017\/01\/image_06.jpg\" rel=photostream[photostream]\" class=\"fancybox open-lightbox template-plus-2\"><\/a>\n\t\t\t\t\t<\/li>\n\t\t\t\t<\/ul>\n\t\t\t<\/li><li class=\"gallery-box hover-icons-off\"><img loading=\"lazy\" decoding=\"async\" width=\"100\" height=\"100\" src=\"https:\/\/i0.wp.com\/santeenentreprise.com\/wp-content\/uploads\/2012\/02\/image_10.jpg?resize=100%2C100&amp;ssl=1\" class=\"attachment-medicenter-small-thumb size-medicenter-small-thumb\" alt=\"\" srcset=\"https:\/\/i0.wp.com\/santeenentreprise.com\/wp-content\/uploads\/2012\/02\/image_10.jpg?resize=150%2C150&amp;ssl=1 150w, https:\/\/i0.wp.com\/santeenentreprise.com\/wp-content\/uploads\/2012\/02\/image_10.jpg?resize=100%2C100&amp;ssl=1 100w, https:\/\/i0.wp.com\/santeenentreprise.com\/wp-content\/uploads\/2012\/02\/image_10.jpg?zoom=2&amp;resize=100%2C100&amp;ssl=1 200w, https:\/\/i0.wp.com\/santeenentreprise.com\/wp-content\/uploads\/2012\/02\/image_10.jpg?zoom=3&amp;resize=100%2C100&amp;ssl=1 300w\" sizes=\"(max-width: 100px) 100vw, 100px\" \/><ul class=\"controls\">\n\t\t\t\t\t<li>\n\t\t\t\t\t\t<a href=\"https:\/\/santeenentreprise.com\/wp-content\/uploads\/2012\/02\/image_10.jpg\" rel=photostream[photostream]\" class=\"fancybox open-lightbox template-plus-2\"><\/a>\n\t\t\t\t\t<\/li>\n\t\t\t\t<\/ul>\n\t\t\t<\/li><li class=\"gallery-box hover-icons-off\"><img loading=\"lazy\" decoding=\"async\" width=\"100\" height=\"100\" src=\"https:\/\/i0.wp.com\/santeenentreprise.com\/wp-content\/uploads\/2012\/02\/image_11.jpg?resize=100%2C100&amp;ssl=1\" class=\"attachment-medicenter-small-thumb size-medicenter-small-thumb\" alt=\"\" srcset=\"https:\/\/i0.wp.com\/santeenentreprise.com\/wp-content\/uploads\/2012\/02\/image_11.jpg?resize=150%2C150&amp;ssl=1 150w, https:\/\/i0.wp.com\/santeenentreprise.com\/wp-content\/uploads\/2012\/02\/image_11.jpg?resize=100%2C100&amp;ssl=1 100w, https:\/\/i0.wp.com\/santeenentreprise.com\/wp-content\/uploads\/2012\/02\/image_11.jpg?zoom=2&amp;resize=100%2C100&amp;ssl=1 200w, https:\/\/i0.wp.com\/santeenentreprise.com\/wp-content\/uploads\/2012\/02\/image_11.jpg?zoom=3&amp;resize=100%2C100&amp;ssl=1 300w\" sizes=\"(max-width: 100px) 100vw, 100px\" \/><ul class=\"controls\">\n\t\t\t\t\t<li>\n\t\t\t\t\t\t<a href=\"https:\/\/santeenentreprise.com\/wp-content\/uploads\/2012\/02\/image_11.jpg\" rel=photostream[photostream]\" class=\"fancybox open-lightbox template-plus-2\"><\/a>\n\t\t\t\t\t<\/li>\n\t\t\t\t<\/ul>\n\t\t\t<\/li><\/ul>\n\t<div class=\"wpb_widgetised_column wpb_content_element clearfix page-margin-top\">\n\t\t<div class=\"wpb_wrapper\">\n\t\t\t\n\t\t\t\n\t\t<\/div>\n\t<\/div>\n<\/div><\/div><\/div>\n","protected":false},"excerpt":{"rendered":"Cliquez sur le lien ci-dessous pour t\u00e9l\u00e9charger notre rapport d'activit\u00e9\u00a0 de l'ann\u00e9e 2023 : Rapport d'activit\u00e9s SEE 2023","protected":false},"author":1,"featured_media":0,"parent":0,"menu_order":0,"comment_status":"open","ping_status":"open","template":"template-blog.php","meta":{"footnotes":""},"class_list":["post-1738","page","type-page","status-publish","hentry"],"acf":[],"jetpack_sharing_enabled":true,"_links":{"self":[{"href":"http:\/\/santeenentreprise.com\/en\/wp-json\/wp\/v2\/pages\/1738","targetHints":{"allow":["GET"]}}],"collection":[{"href":"http:\/\/santeenentreprise.com\/en\/wp-json\/wp\/v2\/pages"}],"about":[{"href":"http:\/\/santeenentreprise.com\/en\/wp-json\/wp\/v2\/types\/page"}],"author":[{"embeddable":true,"href":"http:\/\/santeenentreprise.com\/en\/wp-json\/wp\/v2\/users\/1"}],"replies":[{"embeddable":true,"href":"http:\/\/santeenentreprise.com\/en\/wp-json\/wp\/v2\/comments?post=1738"}],"version-history":[{"count":0,"href":"http:\/\/santeenentreprise.com\/en\/wp-json\/wp\/v2\/pages\/1738\/revisions"}],"wp:attachment":[{"href":"http:\/\/santeenentreprise.com\/en\/wp-json\/wp\/v2\/media?parent=1738"}],"curies":[{"name":"wp","href":"https:\/\/api.w.org\/{rel}","templated":true}]}}